{"id":14,"date":"2011-04-24T10:54:53","date_gmt":"2011-04-24T08:54:53","guid":{"rendered":"http:\/\/www.senioren-freizeitkontakte.com\/?page_id=14"},"modified":"2015-01-05T10:57:32","modified_gmt":"2015-01-05T08:57:32","slug":"partner-fuer-freizeit","status":"publish","type":"page","link":"https:\/\/www.senioren-freizeitkontakte.com\/?page_id=14","title":{"rendered":"Partner f\u00fcr Freizeit"},"content":{"rendered":"<p>Gerade \u00e4ltere Menschen, die bereits eine langj\u00e4hrige Partnerschaft hinter sich haben oder ihren Partner durch einen Todesfall verloren haben, scheuen die aktive Suche nach einer neuen Beziehung. Zu gro\u00df ist die Angst vor Entt\u00e4uschung und Ablehnung. Aber ebenso gestaltet sich mit zunehmendem Alter die Partnersuche zusehends schwieriger. Die Anspr\u00fcche und W\u00fcnsche \u00e4ndern sich mit den Jahren und die Vorstellungen des optimalen Partners wandeln sich mit der Zeit. Eine richtige Beziehung wollen viele dann erst einmal nicht eingehen, sondern suchen zuerst einen Partner f\u00fcr die Freizeitgestaltung.<\/p>\n<div id=\"attachment_47\" style=\"width: 635px\" class=\"wp-caption alignnone\"><img aria-describedby=\"caption-attachment-47\" loading=\"lazy\" class=\"size-large wp-image-47\" src=\"http:\/\/www.senioren-freizeitkontakte.com\/wp-content\/uploads\/2011\/04\/Singles-Senioren-Liebe-im-Alter-Freizeitkontakt-1024x392.jpg\" alt=\"Singles Senioren Liebe im Alter Freizeitkontakt\" width=\"625\" height=\"239\" srcset=\"https:\/\/www.senioren-freizeitkontakte.com\/wp-content\/uploads\/2011\/04\/Singles-Senioren-Liebe-im-Alter-Freizeitkontakt-1024x392.jpg 1024w, https:\/\/www.senioren-freizeitkontakte.com\/wp-content\/uploads\/2011\/04\/Singles-Senioren-Liebe-im-Alter-Freizeitkontakt-300x114.jpg 300w, https:\/\/www.senioren-freizeitkontakte.com\/wp-content\/uploads\/2011\/04\/Singles-Senioren-Liebe-im-Alter-Freizeitkontakt-624x238.jpg 624w, https:\/\/www.senioren-freizeitkontakte.com\/wp-content\/uploads\/2011\/04\/Singles-Senioren-Liebe-im-Alter-Freizeitkontakt.jpg 1272w\" sizes=\"(max-width: 625px) 100vw, 625px\" \/><p id=\"caption-attachment-47\" class=\"wp-caption-text\">Einfach mal treffen, reden, etwas gemeinsam unternehmen&#8230;Einsamkeit ad\u00e9!<\/p><\/div>\n<p>Mittlerweile haben sich viele Singleportale auf die Bed\u00fcrfnisse dieser Generation eingestellt und k\u00f6nnen mit einer seri\u00f6sen und professionellen Beratung punkten. Mit Hilfe von individuellen Profilen f\u00fchren die Agenturen alleinstehende \u00e4ltere Menschen mit den gleichen W\u00fcnschen und Vorlieben zueinander. Selbst wenn wer nicht sofort die gro\u00dfe Liebe kennenlernt, trifft aber auf Menschen mit den gleichen Hobbys und Interessen und kann so eine unterhaltsame Zeit miteinander verbringen.<\/p>\n<p>Nicht immer steckt hinter der Anmeldung bei einer Kontaktb\u00f6rse auch der Wunsch nach einer Partnerschaft. Viele Singles suchen einfach einen gleichgesinnten Menschen, um einen Partner f\u00fcr Freizeitaktivit\u00e4ten, Unternehmungen und Reisen zu haben. Denn zu zweit machen die lieb gewonnenen Hobbys gleich viel mehr Spa\u00df \u2013 und wer wei\u00df, vielleicht entwickelt sich ja doch die gro\u00dfe Liebe daraus.<\/p>\n<p>Mit der <a href=\"http:\/\/www.senioren-partneragentur.com\/?cat=2\"><strong>Kontaktaufnahme zu einer Partnervermittlungsagentur<\/strong><\/a> ist der Grundstein gelegt, der Einsamkeit zu entfliehen. Ganz gleich, welche W\u00fcnsche und Hoffnungen ein reiferer Single hegt, die Vielzahl der Kontaktb\u00f6rsen erm\u00f6glicht viele Arten des Zusammentreffens und bietet f\u00fcr jede Partnersuche die optimale Plattform. Auf diese Weise k\u00f6nnen \u00e4ltere Alleinstehende ganz gewiss auch die Liebe finden!<\/p>\n<p>&nbsp;<\/p>\n<h1><span style=\"text-decoration: underline;\">Senioren und Rentner<\/span><\/h1>\n<p>Das Problem ist nicht das Alter, sondern es sind meist die Umstande&#8230;<\/p>\n<p>Das h\u00f6rt man von vielen Senioren oft: Freunde kommen einen weniger besuchen, da sie das Haus nicht mehr so oft verlassen, der Partner ist verstorben oder man hat sich im Alter noch getrennt, die Kinder sind bereits ausgezogen und durch die Arbeit weit entfernt&#8230;<\/p>\n<p>&#8230;und die Einsamkeit wird st\u00e4ndig gr\u00f6\u00dfer! Erkennen Sie sich wieder?<\/p>\n<div id=\"attachment_44\" style=\"width: 310px\" class=\"wp-caption alignnone\"><img aria-describedby=\"caption-attachment-44\" loading=\"lazy\" class=\"size-medium wp-image-44\" src=\"http:\/\/www.senioren-freizeitkontakte.com\/wp-content\/uploads\/2011\/04\/waiting-71011_1280-300x193.jpg\" alt=\"Einsamkeit-Senioren-Kontakt\" width=\"300\" height=\"193\" srcset=\"https:\/\/www.senioren-freizeitkontakte.com\/wp-content\/uploads\/2011\/04\/waiting-71011_1280-300x193.jpg 300w, https:\/\/www.senioren-freizeitkontakte.com\/wp-content\/uploads\/2011\/04\/waiting-71011_1280-1024x659.jpg 1024w, https:\/\/www.senioren-freizeitkontakte.com\/wp-content\/uploads\/2011\/04\/waiting-71011_1280-624x401.jpg 624w, https:\/\/www.senioren-freizeitkontakte.com\/wp-content\/uploads\/2011\/04\/waiting-71011_1280.jpg 1280w\" sizes=\"(max-width: 300px) 100vw, 300px\" \/><p id=\"caption-attachment-44\" class=\"wp-caption-text\">Worauf warten Sie? Wagen Sie einen Neuanfang!<\/p><\/div>\n<p>Treten Sie der Einsamkeit entgegen und nutzen Sie die Vorz\u00fcge einer Agentur, die Ihnen hilft, neue Kontakte zu kn\u00fcpfen, Menschen f\u00fcr Freizeit oder Reisen zu begegnen, um daraus viel- leicht wieder eine neue Liebe zu finden! Alles kann &#8211; nichts muss&#8230;.<\/p>\n<p><span style=\"font-family: Arial,Helvetica,Geneva,Sans-serif;\">Jedoch sollten Sie keine Angst haben, sich bei einer solchen Vermittlungsagentur zu melden. Schauen Sie sich vorher nach ortsans\u00e4ssigen Agenturen um, welche noch eine pers\u00f6nliche Beratung vornehmen, um auch Sie besser kennenzulernen. Diese M\u00f6glichkeit ist einfach und schnell. <\/span><\/p>\n<p><span style=\"font-family: Arial,Helvetica,Geneva,Sans-serif;\"><strong style=\"font-family: Arial,Helvetica,Geneva,Sans-serif;\">Sie k\u00f6nnen sicher sein, dass Sie nicht der oder die Einzige auf der Suche nach netten Menschen sind. <a href=\"http:\/\/www.single-senioren.com\/?cat=7\">Hier bekommen Sie Hilfe bei der Partnersuche.<\/a><\/strong> <\/span><\/p>\n","protected":false},"excerpt":{"rendered":"<p>Gerade \u00e4ltere Menschen, die bereits eine langj\u00e4hrige Partnerschaft hinter sich haben oder ihren Partner durch einen Todesfall verloren haben, scheuen die aktive Suche nach einer neuen Beziehung. Zu gro\u00df ist die Angst vor Entt\u00e4uschung und Ablehnung. Aber ebenso gestaltet sich mit zunehmendem Alter die Partnersuche zusehends schwieriger. Die Anspr\u00fcche und W\u00fcnsche \u00e4ndern sich mit den [&hellip;]<\/p>\n","protected":false},"author":2,"featured_media":0,"parent":0,"menu_order":0,"comment_status":"closed","ping_status":"closed","template":"","meta":[],"_links":{"self":[{"href":"https:\/\/www.senioren-freizeitkontakte.com\/index.php?rest_route=\/wp\/v2\/pages\/14"}],"collection":[{"href":"https:\/\/www.senioren-freizeitkontakte.com\/index.php?rest_route=\/wp\/v2\/pages"}],"about":[{"href":"https:\/\/www.senioren-freizeitkontakte.com\/index.php?rest_route=\/wp\/v2\/types\/page"}],"author":[{"embeddable":true,"href":"https:\/\/www.senioren-freizeitkontakte.com\/index.php?rest_route=\/wp\/v2\/users\/2"}],"replies":[{"embeddable":true,"href":"https:\/\/www.senioren-freizeitkontakte.com\/index.php?rest_route=%2Fwp%2Fv2%2Fcomments&post=14"}],"version-history":[{"count":6,"href":"https:\/\/www.senioren-freizeitkontakte.com\/index.php?rest_route=\/wp\/v2\/pages\/14\/revisions"}],"predecessor-version":[{"id":134,"href":"https:\/\/www.senioren-freizeitkontakte.com\/index.php?rest_route=\/wp\/v2\/pages\/14\/revisions\/134"}],"wp:attachment":[{"href":"https:\/\/www.senioren-freizeitkontakte.com\/index.php?rest_route=%2Fwp%2Fv2%2Fmedia&parent=14"}],"curies":[{"name":"wp","href":"https:\/\/api.w.org\/{rel}","templated":true}]}}