{"id":11,"date":"2011-06-24T10:34:00","date_gmt":"2011-06-24T08:34:00","guid":{"rendered":"http:\/\/www.senioren-freizeitkontakte.com\/?page_id=11"},"modified":"2015-01-05T10:54:01","modified_gmt":"2015-01-05T08:54:01","slug":"reisebegleitung","status":"publish","type":"page","link":"https:\/\/www.senioren-freizeitkontakte.com\/?page_id=11","title":{"rendered":"Reisebegleitung"},"content":{"rendered":"<p>\u00c4ltere Menschen, Singles \u00fcber 50 aber auch Witwen, Witwer und Senioren sehnen sich nach Geborgenheit, Herzensw\u00e4rme und einen Menschen, mit dem das Leben wieder sonnig wird. W\u00e4hrend die einen ganz speziell die Liebe suchen, m\u00f6chten die anderen einen guten Freund finden, eine Freundin f\u00fcr die gemeinsame Freizeitgestaltung, einen Reisepartner oder einfach nur einen Menschen, der immer da ist, wenn Zuspruch n\u00f6tig ist.<\/p>\n<p>Es gibt in der modernen Zeit vielf\u00e4ltige M\u00f6glichkeiten, Kontakte zu Gleichgesinnten zu kn\u00fcpfen. So k\u00f6nnen beispielsweise Kontaktanzeigen in Tagesbl\u00e4ttern oder auch in Kontaktb\u00f6rsen im Internet geschaltet werden. Aber es gibt auch hervorragende Partnerinstitute in fast jeder Stadt, Single-Kontakt-B\u00f6rsen und Kontaktplattformen im Internet, wo auch \u00e4ltere einsame Menschen einen Partner, eine Freundin oder einen Freund f\u00fcrs Leben finden k\u00f6nnen.<img loading=\"lazy\" class=\"size-medium wp-image-62 alignright\" src=\"http:\/\/www.senioren-freizeitkontakte.com\/wp-content\/uploads\/2011\/06\/inline-skating-226805_1920-300x200.jpg\" alt=\"Reisepartner Freizeitpartner Freizeitkontakte\" width=\"300\" height=\"200\" srcset=\"https:\/\/www.senioren-freizeitkontakte.com\/wp-content\/uploads\/2011\/06\/inline-skating-226805_1920-300x200.jpg 300w, https:\/\/www.senioren-freizeitkontakte.com\/wp-content\/uploads\/2011\/06\/inline-skating-226805_1920-1024x682.jpg 1024w, https:\/\/www.senioren-freizeitkontakte.com\/wp-content\/uploads\/2011\/06\/inline-skating-226805_1920-624x416.jpg 624w, https:\/\/www.senioren-freizeitkontakte.com\/wp-content\/uploads\/2011\/06\/inline-skating-226805_1920.jpg 1920w\" sizes=\"(max-width: 300px) 100vw, 300px\" \/><\/p>\n<p>Nicht nur auf die Vermittlung von Lebenspartnern, sondern auch von Reisebegleitung und Freizeitpartner haben sich einige Partnervermittlungen f\u00fcr Senioren spezialisiert.<\/p>\n<p>&nbsp;<\/p>\n<p>&nbsp;<\/p>\n<p>&nbsp;<\/p>\n<h2>Gemeinsame Freizeitgestaltung mit dem passendem Partner<\/h2>\n<p>Sie sind Single oder verwitwet und m\u00f6chten einen neuen Partner finden? Oder erst einmal jemanden kennenlernen und nichts \u00fcberst\u00fcrzen? Dann nutzen Sie die M\u00f6glichkeit, Menschen f\u00fcr die Freizeitgestaltung zu finden, die auch Ihren Vorstellungen entsprechen. Das stellt n\u00e4mlich das gr\u00f6\u00dfte Problem bei der Suche dar: Wer passt zu mir und teilt auch meine Hobbies mit der gleichen Leidenschaft? Wer ist genauso offen wie ich und hat die gleichen Interessen?<\/p>\n<p><em><strong>Was liegt n\u00e4her, als seine Freizeit mit anderen Singles zu verbringen, und dabei auf angenehme und einfache Art den Mann oder die Frau f\u00fcrs Leben kennen zu lernen.<\/strong><\/em><\/p>\n<p>Werden Sie aktiv bei der Suche und informieren Sie sich \u00fcber <a href=\"http:\/\/www.single-senioren.com\/?page_id=21\"><strong>Single-B\u00f6rsen mit Freizeit- und Reisekontakten in Ihrer N\u00e4he!<\/strong><\/a><\/p>\n<p>&nbsp;<\/p>\n<p>&nbsp;<\/p>\n<h1>Unternehmungen &#8211; Warum allein und nicht gemeinsam?<\/h1>\n<p>Sie suchen nette Leute f\u00fcr Spazierg\u00e4nge und Wanderungen, f\u00fcr eine Radtour oder einen Tanzkurs, einen Partner f\u00fcr das Sporthobby oder einfach nur jemanden f\u00fcr niveauvolle Gespr\u00e4che im Restaurant?<\/p>\n<p><img loading=\"lazy\" class=\"alignnone size-large wp-image-66\" src=\"http:\/\/www.senioren-freizeitkontakte.com\/wp-content\/uploads\/2011\/06\/gemeinsame-Unternehmungen-Reisepartner-1024x401.jpg\" alt=\"gemeinsame Unternehmungen Reisepartner\" width=\"625\" height=\"244\" srcset=\"https:\/\/www.senioren-freizeitkontakte.com\/wp-content\/uploads\/2011\/06\/gemeinsame-Unternehmungen-Reisepartner-1024x401.jpg 1024w, https:\/\/www.senioren-freizeitkontakte.com\/wp-content\/uploads\/2011\/06\/gemeinsame-Unternehmungen-Reisepartner-300x117.jpg 300w, https:\/\/www.senioren-freizeitkontakte.com\/wp-content\/uploads\/2011\/06\/gemeinsame-Unternehmungen-Reisepartner-624x244.jpg 624w, https:\/\/www.senioren-freizeitkontakte.com\/wp-content\/uploads\/2011\/06\/gemeinsame-Unternehmungen-Reisepartner.jpg 1272w\" sizes=\"(max-width: 625px) 100vw, 625px\" \/><\/p>\n<p>\u00dcber<em> spezielle Agenturen<\/em> finden Sie Menschen, die Ihre Hobbies miteinander teilen wollen, sich durch gemeinsamen Unternehmungen n\u00e4her kommen und einen Neuanfang wagen m\u00f6chten! Suchen Sie gezielt nach <a href=\"http:\/\/www.senioren-freizeitkontakte.com\/?page_id=16\">Partnervermittlungen, die auch Freizeit-und Reisepartner<\/a> in Ihrem Kundenpool haben. \u00dcberzeugen Sie sich dabei von einer <strong>pers\u00f6nlichen Beratung und Betreuung<\/strong>, damit Sie auch sehen, dass diese Kontakte in der Realit\u00e4t auch bestehen!<\/p>\n","protected":false},"excerpt":{"rendered":"<p>\u00c4ltere Menschen, Singles \u00fcber 50 aber auch Witwen, Witwer und Senioren sehnen sich nach Geborgenheit, Herzensw\u00e4rme und einen Menschen, mit dem das Leben wieder sonnig wird. W\u00e4hrend die einen ganz speziell die Liebe suchen, m\u00f6chten die anderen einen guten Freund finden, eine Freundin f\u00fcr die gemeinsame Freizeitgestaltung, einen Reisepartner oder einfach nur einen Menschen, der [&hellip;]<\/p>\n","protected":false},"author":2,"featured_media":0,"parent":0,"menu_order":0,"comment_status":"closed","ping_status":"closed","template":"","meta":[],"_links":{"self":[{"href":"https:\/\/www.senioren-freizeitkontakte.com\/index.php?rest_route=\/wp\/v2\/pages\/11"}],"collection":[{"href":"https:\/\/www.senioren-freizeitkontakte.com\/index.php?rest_route=\/wp\/v2\/pages"}],"about":[{"href":"https:\/\/www.senioren-freizeitkontakte.com\/index.php?rest_route=\/wp\/v2\/types\/page"}],"author":[{"embeddable":true,"href":"https:\/\/www.senioren-freizeitkontakte.com\/index.php?rest_route=\/wp\/v2\/users\/2"}],"replies":[{"embeddable":true,"href":"https:\/\/www.senioren-freizeitkontakte.com\/index.php?rest_route=%2Fwp%2Fv2%2Fcomments&post=11"}],"version-history":[{"count":9,"href":"https:\/\/www.senioren-freizeitkontakte.com\/index.php?rest_route=\/wp\/v2\/pages\/11\/revisions"}],"predecessor-version":[{"id":132,"href":"https:\/\/www.senioren-freizeitkontakte.com\/index.php?rest_route=\/wp\/v2\/pages\/11\/revisions\/132"}],"wp:attachment":[{"href":"https:\/\/www.senioren-freizeitkontakte.com\/index.php?rest_route=%2Fwp%2Fv2%2Fmedia&parent=11"}],"curies":[{"name":"wp","href":"https:\/\/api.w.org\/{rel}","templated":true}]}}